{"id":317,"date":"2025-10-17T10:22:05","date_gmt":"2025-10-17T10:22:05","guid":{"rendered":"https:\/\/immediate-lexipro500.com\/?page_id=317"},"modified":"2025-12-23T05:47:06","modified_gmt":"2025-12-23T05:47:06","slug":"descargar-aplicacion-de-amazon","status":"publish","type":"page","link":"https:\/\/immediate-lexipro500.com\/es\/download-amazon-app\/","title":{"rendered":"Descargar la aplicaci\u00f3n de Amazon"},"content":{"rendered":"<div data-elementor-type=\"wp-page\" data-elementor-id=\"317\" class=\"elementor elementor-317\" data-elementor-post-type=\"page\">\n\t\t\t\t<div class=\"elementor-element elementor-element-8b85ae3 e-flex e-con-boxed e-con e-parent\" data-id=\"8b85ae3\" data-element_type=\"container\" data-e-type=\"container\" data-settings=\"{&quot;background_background&quot;:&quot;classic&quot;}\">\n\t\t\t\t\t<div class=\"e-con-inner\">\n\t\t<div class=\"elementor-element elementor-element-ba4aa6a e-con-full e-flex e-con e-child\" data-id=\"ba4aa6a\" data-element_type=\"container\" data-e-type=\"container\">\n\t\t\t\t<div class=\"elementor-element elementor-element-7483d88 elementor-widget elementor-widget-heading\" data-id=\"7483d88\" data-element_type=\"widget\" data-e-type=\"widget\" data-widget_type=\"heading.default\">\n\t\t\t\t\t<h1 class=\"elementor-heading-title elementor-size-default\">C\u00f3mo instalar una aplicaci\u00f3n de AWS Appstore en un tel\u00e9fono Android\n<\/h1>\t\t\t\t<\/div>\n\t\t\t\t<div class=\"elementor-element elementor-element-370225f elementor-widget elementor-widget-text-editor\" data-id=\"370225f\" data-element_type=\"widget\" data-e-type=\"widget\" data-widget_type=\"text-editor.default\">\n\t\t\t\t\t\t\t\t\t<ol><li>Instalar la Amazon AppStore.<\/li><li>Cree una cuenta e inicie sesi\u00f3n en Amazon AppStore.<\/li><li>Busque la aplicaci\u00f3n \u201cImmediate Momentum\u201d y haga clic en <span style=\"color: #00ffff;\"><a style=\"color: #00ffff;\" href=\"https:\/\/www.amazon.com\/gp\/product\/B0DCC49RMC\" target=\"_blank\" rel=\"noopener\">Obtener la aplicaci\u00f3n<\/a>.<\/span><\/li><li>Instalar y utilizar la aplicaci\u00f3n.<\/li><\/ol>\t\t\t\t\t\t\t\t<\/div>\n\t\t\t\t<\/div>\n\t\t<div class=\"elementor-element elementor-element-f8f7817 e-con-full e-flex e-con e-child\" data-id=\"f8f7817\" data-element_type=\"container\" data-e-type=\"container\">\n\t\t\t\t<div class=\"elementor-element elementor-element-fda1026 elementor-widget__width-initial elementor-widget-tablet__width-initial elementor-widget-mobile__width-initial elementor-widget elementor-widget-image\" data-id=\"fda1026\" data-element_type=\"widget\" data-e-type=\"widget\" data-widget_type=\"image.default\">\n\t\t\t\t\t\t\t\t\t\t\t\t\t\t\t<img fetchpriority=\"high\" decoding=\"async\" width=\"541\" height=\"1024\" src=\"https:\/\/immediate-lexipro500.com\/wp-content\/uploads\/2025\/12\/Immediate-momentum-img_11zon-541x1024-1.webp\" class=\"attachment-large size-large wp-image-368\" alt=\"\" srcset=\"https:\/\/immediate-lexipro500.com\/wp-content\/uploads\/2025\/12\/Immediate-momentum-img_11zon-541x1024-1.webp 541w, https:\/\/immediate-lexipro500.com\/wp-content\/uploads\/2025\/12\/Immediate-momentum-img_11zon-541x1024-1-158x300.webp 158w, https:\/\/immediate-lexipro500.com\/wp-content\/uploads\/2025\/12\/Immediate-momentum-img_11zon-541x1024-1-6x12.webp 6w\" sizes=\"(max-width: 541px) 100vw, 541px\" \/>\t\t\t\t\t\t\t\t\t\t\t\t\t\t\t<\/div>\n\t\t\t\t<\/div>\n\t\t\t\t\t<\/div>\n\t\t\t\t<\/div>\n\t\t\t\t<\/div>","protected":false},"excerpt":{"rendered":"<p>How to install app from AWS Appstore to android Phone Install the Amazon AppStore. Create account and login to Amazon AppStore. Search for app \u201cImmediate Momentum\u201d and click Get App. Install and use App.<\/p>","protected":false},"author":1,"featured_media":0,"parent":0,"menu_order":0,"comment_status":"closed","ping_status":"closed","template":"","meta":{"footnotes":""},"class_list":["post-317","page","type-page","status-publish","hentry"],"_links":{"self":[{"href":"https:\/\/immediate-lexipro500.com\/es\/wp-json\/wp\/v2\/pages\/317","targetHints":{"allow":["GET"]}}],"collection":[{"href":"https:\/\/immediate-lexipro500.com\/es\/wp-json\/wp\/v2\/pages"}],"about":[{"href":"https:\/\/immediate-lexipro500.com\/es\/wp-json\/wp\/v2\/types\/page"}],"author":[{"embeddable":true,"href":"https:\/\/immediate-lexipro500.com\/es\/wp-json\/wp\/v2\/users\/1"}],"replies":[{"embeddable":true,"href":"https:\/\/immediate-lexipro500.com\/es\/wp-json\/wp\/v2\/comments?post=317"}],"version-history":[{"count":0,"href":"https:\/\/immediate-lexipro500.com\/es\/wp-json\/wp\/v2\/pages\/317\/revisions"}],"wp:attachment":[{"href":"https:\/\/immediate-lexipro500.com\/es\/wp-json\/wp\/v2\/media?parent=317"}],"curies":[{"name":"wp","href":"https:\/\/api.w.org\/{rel}","templated":true}]}}