{"id":23,"date":"2025-07-02T06:38:24","date_gmt":"2025-07-02T06:38:24","guid":{"rendered":"https:\/\/immediate-lexipro500.com\/?page_id=23"},"modified":"2025-07-02T08:28:12","modified_gmt":"2025-07-02T08:28:12","slug":"sobre-nosotras","status":"publish","type":"page","link":"https:\/\/immediate-lexipro500.com\/es\/about-us\/","title":{"rendered":"Sobre nosotras"},"content":{"rendered":"<div data-elementor-type=\"wp-page\" data-elementor-id=\"23\" class=\"elementor elementor-23\" data-elementor-post-type=\"page\">\n\t\t\t\t<div class=\"elementor-element elementor-element-58d9585 e-flex e-con-boxed e-con e-parent\" data-id=\"58d9585\" data-element_type=\"container\" data-e-type=\"container\" data-settings=\"{&quot;background_background&quot;:&quot;classic&quot;}\">\n\t\t\t\t\t<div class=\"e-con-inner\">\n\t\t\t\t\t<\/div>\n\t\t\t\t<\/div>\n\t\t<div class=\"elementor-element elementor-element-ac70648 e-flex e-con-boxed e-con e-parent\" data-id=\"ac70648\" data-element_type=\"container\" data-e-type=\"container\">\n\t\t\t\t\t<div class=\"e-con-inner\">\n\t\t\t\t<div class=\"elementor-element elementor-element-7da0856 elementor-widget elementor-widget-text-editor\" data-id=\"7da0856\" data-element_type=\"widget\" data-e-type=\"widget\" data-widget_type=\"text-editor.default\">\n\t\t\t\t\t\t\t\t\tBienvenido a <strong>Immediate Lexi Pro 500<\/strong> \u2014 Su puerta de entrada de confianza para un trading m\u00e1s inteligente, r\u00e1pido y totalmente automatizado.\n\nSomos una plataforma tecnol\u00f3gica centrada en ofrecer se\u00f1ales de trading precisas y herramientas de automatizaci\u00f3n para ayudar a operadores de todos los niveles a tomar decisiones seguras e informadas. Nuestro sistema est\u00e1 dise\u00f1ado para simplificar las complejidades de los mercados financieros, ofreciendo datos en tiempo real, perspectivas estrat\u00e9gicas y soluciones de trading sin intervenci\u00f3n.\n<h3><strong>Nuestra misi\u00f3n<\/strong><\/h3>\nEmpoderar a los comerciantes individuales con tecnolog\u00eda avanzada que simplifique el trading y maximice las oportunidades, todo ello manteniendo la experiencia del usuario en el centro.\n<h3><strong>Nuestra visi\u00f3n<\/strong><\/h3>\nConvertirnos en la plataforma de comercio automatizada m\u00e1s confiable y centrada en el usuario, haciendo que el comercio inteligente sea accesible para cualquier persona, en cualquier parte del mundo.\n<h3><strong>Qu\u00e9 hacemos<\/strong><\/h3>\nEn <strong>Immediate Lexi Pro 500<\/strong>Aprovechamos el poder de la IA y el an\u00e1lisis algor\u00edtmico para analizar los mercados, identificar patrones y ofrecer se\u00f1ales de trading precisas. Tanto si eres principiante como si ya eres un trader experimentado, nuestra plataforma te ofrece las herramientas para:\n<ul>\n \t<li>Ejecutar operaciones autom\u00e1ticamente<\/li>\n \t<li>Monitorear tendencias en tiempo real<\/li>\n \t<li>Minimizar el esfuerzo manual<\/li>\n \t<li>Optimizar la toma de decisiones<\/li>\n<\/ul>\n<h3><strong>\u00bfPor qu\u00e9 elegirnos?<\/strong><\/h3>\n<ul>\n \t<li>\ud83d\udd10 <strong>La seguridad es lo primero<\/strong> \u2013 Sus datos est\u00e1n encriptados y protegidos con medidas de seguridad de m\u00e1ximo nivel.<\/li>\n \t<li>\u2699\ufe0f <strong>Completamente automatizada<\/strong> \u2013 Disfrute de operaciones con manos libres basadas en an\u00e1lisis impulsados \u200b\u200bpor IA.<\/li>\n \t<li>\ud83d\udcc8 <strong>Perspectivas reales del mercado<\/strong> \u2013 Nuestras se\u00f1ales est\u00e1n respaldadas por datos en vivo y optimizaci\u00f3n continua.<\/li>\n \t<li>\ud83d\udca1 <strong>Apta para principiantes<\/strong> No se requiere experiencia previa. Te guiamos en cada paso del proceso.<\/li>\n \t<li>\ud83c\udf0d <strong>Acceso global<\/strong> \u2013 Comercio en distintos mercados, desde cualquier parte del mundo.<\/li>\n<\/ul>\nNo estamos aqu\u00ed para prometer demasiado: estamos aqu\u00ed para ofrecer se\u00f1ales confiables y un rendimiento real.\n\t\t\t\t\t\t\t\t<\/div>\n\t\t\t\t\t<\/div>\n\t\t\t\t<\/div>\n\t\t\t\t<\/div>","protected":false},"excerpt":{"rendered":"<p>Welcome to Immediate Lexi Pro 500 \u2014 your trusted gateway to smarter, faster, and fully automated trading. We are a technology-driven platform focused on delivering accurate trading signals and automation tools to help traders of all levels make confident and informed decisions. Our system is built to simplify the complexities of the financial markets by [&hellip;]<\/p>\n","protected":false},"author":1,"featured_media":0,"parent":0,"menu_order":0,"comment_status":"closed","ping_status":"closed","template":"elementor_header_footer","meta":{"footnotes":""},"class_list":["post-23","page","type-page","status-publish","hentry"],"_links":{"self":[{"href":"https:\/\/immediate-lexipro500.com\/es\/wp-json\/wp\/v2\/pages\/23","targetHints":{"allow":["GET"]}}],"collection":[{"href":"https:\/\/immediate-lexipro500.com\/es\/wp-json\/wp\/v2\/pages"}],"about":[{"href":"https:\/\/immediate-lexipro500.com\/es\/wp-json\/wp\/v2\/types\/page"}],"author":[{"embeddable":true,"href":"https:\/\/immediate-lexipro500.com\/es\/wp-json\/wp\/v2\/users\/1"}],"replies":[{"embeddable":true,"href":"https:\/\/immediate-lexipro500.com\/es\/wp-json\/wp\/v2\/comments?post=23"}],"version-history":[{"count":0,"href":"https:\/\/immediate-lexipro500.com\/es\/wp-json\/wp\/v2\/pages\/23\/revisions"}],"wp:attachment":[{"href":"https:\/\/immediate-lexipro500.com\/es\/wp-json\/wp\/v2\/media?parent=23"}],"curies":[{"name":"wp","href":"https:\/\/api.w.org\/{rel}","templated":true}]}}