{"id":3,"date":"2025-06-30T09:45:53","date_gmt":"2025-06-30T09:45:53","guid":{"rendered":"https:\/\/immediate-lexipro500.com\/?page_id=3"},"modified":"2025-07-02T11:25:31","modified_gmt":"2025-07-02T11:25:31","slug":"datenschutzrichtlinie","status":"publish","type":"page","link":"https:\/\/immediate-lexipro500.com\/de\/privacy-policy\/","title":{"rendered":"Datenschutzrichtlinie"},"content":{"rendered":"<div data-elementor-type=\"wp-page\" data-elementor-id=\"3\" class=\"elementor elementor-3\" data-elementor-post-type=\"page\">\n\t\t\t\t<div class=\"elementor-element elementor-element-f18f78c e-flex e-con-boxed e-con e-parent\" data-id=\"f18f78c\" data-element_type=\"container\" data-e-type=\"container\" data-settings=\"{&quot;background_background&quot;:&quot;classic&quot;}\">\n\t\t\t\t\t<div class=\"e-con-inner\">\n\t\t\t\t\t<\/div>\n\t\t\t\t<\/div>\n\t\t<div class=\"elementor-element elementor-element-41b8bc5 e-flex e-con-boxed e-con e-parent\" data-id=\"41b8bc5\" data-element_type=\"container\" data-e-type=\"container\">\n\t\t\t\t\t<div class=\"e-con-inner\">\n\t\t\t\t<div class=\"elementor-element elementor-element-27e2eba elementor-drop-cap-yes elementor-drop-cap-view-default elementor-widget elementor-widget-text-editor\" data-id=\"27e2eba\" data-element_type=\"widget\" data-e-type=\"widget\" data-settings=\"{&quot;drop_cap&quot;:&quot;yes&quot;}\" data-widget_type=\"text-editor.default\">\n\t\t\t\t\t\t\t\t\t<p>Bei <strong>Immediate Lexi Pro 500<\/strong>Ihre Privatsph\u00e4re ist unsere Priorit\u00e4t. Personenbezogene Daten werden nur so lange wie n\u00f6tig gespeichert, und Benutzer mit aktiven Konten sind f\u00fcr die Verwaltung ihrer Daten verantwortlich. Nach der Kontoaufl\u00f6sung werden die zugeh\u00f6rigen Daten gem\u00e4\u00df den geltenden Gesetzen und Richtlinien gel\u00f6scht.<\/p><h3><strong>Einf\u00fchrung<\/strong><\/h3><p>Diese Datenschutzrichtlinie beschreibt, wie <strong>Immediate Lexi Pro 500<\/strong> (\u201ewir\u201c, \u201euns\u201c oder \u201eunser\u201c) sammelt, verwendet und sch\u00fctzt Informationen, die \u00fcber unsere Website (\u201edie Website\u201c) und Dienste (\u201edie Dienste\u201c) gesammelt werden. Der Schutz Ihrer personenbezogenen Daten ist uns \u00e4u\u00dferst wichtig.<\/p><p>Unsere Website kann Links zu Websites Dritter enthalten, wir sind jedoch nicht f\u00fcr deren Datenschutzpraktiken verantwortlich. Bitte \u00fcberpr\u00fcfen Sie deren Richtlinien, bevor Sie Daten \u00fcbermitteln. Wir setzen strenge Sicherheits- und Organisationsma\u00dfnahmen ein, um die von Nutzern bereitgestellten personenbezogenen Daten zu sch\u00fctzen.<\/p><p>Um unsere Website nutzen zu k\u00f6nnen, m\u00fcssen Sie m\u00f6glicherweise Informationen wie Ihren Namen, Ihre E-Mail-Adresse, Ihre Telefonnummer und weitere Angaben angeben. Diese Daten helfen uns, Ihre Identit\u00e4t zu \u00fcberpr\u00fcfen, Support zu leisten und gesetzlichen Verpflichtungen nachzukommen. Sie k\u00f6nnen Ihre Einstellungen jederzeit verwalten oder die Kommunikation abbestellen.<\/p><h3><strong>Von uns erfasste Daten<\/strong><\/h3><p>Wir erfassen von Ihnen bereitgestellte personenbezogene Daten wie Name, E-Mail-Adresse, Telefonnummer und alle weiteren Angaben, die Sie uns \u00fcber Formulare oder in direkter Kommunikation mitteilen. Bei der Registrierung eines Kontos fragen wir Sie gegebenenfalls auch nach Ihrem Firmennamen, Ihrer Adresse und anderen Kontaktdaten.<\/p><h3><strong>Datenerhebung und -verwendung<\/strong><\/h3><p>Durch die Verwendung <strong>Immediate Lexi Pro 500<\/strong>Mit der Nutzung dieser Website erkl\u00e4ren Sie sich mit der Erhebung und Verarbeitung personenbezogener Daten, einschlie\u00dflich Cookies und Formulareinreichungen, einverstanden. Diese Daten werden verwendet, um unsere Website zu verbessern, unsere Dienste anzupassen und vertragliche oder gesetzliche Verpflichtungen zu erf\u00fcllen.<\/p><ul><li><strong>Kontoregistrierung:<\/strong> Basierend auf Ihrer Zustimmung oder einem vertraglichen Bedarf.<\/li><li><strong>Leistungserbringung:<\/strong> Zur Erf\u00fcllung von Vertr\u00e4gen und Erbringung von Dienstleistungen.<\/li><li><strong>Support und Kommunikation:<\/strong> Aus berechtigten Gr\u00fcnden oder zur Einhaltung gesetzlicher Vorschriften.<\/li><li><strong>Marketing:<\/strong> Mit Ihrer ausdr\u00fccklichen Einwilligung.<\/li><li><strong>Verbesserung und Analyse:<\/strong> Aus berechtigten Interessen oder auf Grundlage Ihrer Einwilligung.<\/li><\/ul><h3><strong>Datenweitergabe<\/strong><\/h3><p>Wir k\u00f6nnen Ihre Daten an vertrauensw\u00fcrdige Partner und Anbieter weitergeben, um unsere Website und Dienste zu verbessern. F\u00fcr Nutzer in der EU entspricht die Datenverarbeitung der DSGVO und anderen geltenden Vorschriften.<\/p><h3><strong>Sicherheit<\/strong><\/h3><p>Wir sch\u00fctzen Ihre personenbezogenen Daten umfassend vor unbefugtem Zugriff und Missbrauch. Allerdings ist kein System vollst\u00e4ndig vor Datendiebst\u00e4hlen gefeit. Informieren Sie uns umgehend, wenn Sie einen Datenmissbrauch vermuten.<\/p><h3><strong>Cookie-Hinweis<\/strong><\/h3><p>Unsere Website verwendet Cookies, um Ihr Benutzererlebnis zu verbessern. Einzelheiten zur Verwendung von Cookies und zur Verwaltung Ihrer Einstellungen finden Sie in unserer Cookie-Richtlinie.<\/p><h3><strong>Externe Links<\/strong><\/h3><p><strong>Immediate Lexi Pro 500<\/strong> ist nicht verantwortlich f\u00fcr den Datenschutz auf Websites Dritter, auf die auf unserer Website verwiesen wird. \u00dcberpr\u00fcfen Sie deren Datenschutzrichtlinien, bevor Sie Daten weitergeben.<\/p><h3><strong>Datenaufbewahrung und -l\u00f6schung<\/strong><\/h3><p>Personenbezogene Daten werden nur so lange wie n\u00f6tig gespeichert. Aktive Kontonutzer verwalten ihre Daten selbst. Bei gek\u00fcndigten Konten werden die Daten gem\u00e4\u00df den geltenden Gesetzen gel\u00f6scht.<\/p><h3><strong>Benutzerrechte<\/strong><\/h3><p>Sie haben das Recht:<\/p><ul><li>Greifen Sie auf Ihre pers\u00f6nlichen Daten zu.<\/li><li>Korrigieren Sie etwaige Ungenauigkeiten.<\/li><li>Fordern Sie unter bestimmten Umst\u00e4nden die L\u00f6schung von Daten an.<\/li><li>Einschr\u00e4nkung oder Widerspruch gegen die Datenverarbeitung.<\/li><li>Sie k\u00f6nnen Ihre Einwilligung jederzeit widerrufen.<\/li><li>Fordern Sie Daten\u00fcbertragbarkeit in einem strukturierten Format an.<\/li><\/ul><h3><strong>Marketingmaterialien<\/strong><\/h3><p>Mit Ihrer Einwilligung verwenden wir personenbezogene Daten f\u00fcr den Versand von Marketingmaterialien. Sie k\u00f6nnen diese Einwilligung jederzeit widerrufen, indem Sie uns kontaktieren.<\/p><p><strong>Akzeptanz dieser Richtlinie<\/strong><\/p><p>Mithilfe der <strong>Immediate Lexi Pro 500<\/strong> Durch die Nutzung der Website oder Dienste erkl\u00e4ren Sie sich mit dieser Datenschutzrichtlinie einverstanden. Die fortgesetzte Nutzung nach Aktualisierungen setzt Ihr Einverst\u00e4ndnis mit den \u00c4nderungen voraus.<\/p><h3><strong>Kontaktieren Sie uns<\/strong><\/h3><p>Wenn Sie Fragen, Bedenken oder Anfragen zu dieser Datenschutzrichtlinie oder zum Umgang mit Ihren Daten haben, k\u00f6nnen Sie sich gerne an uns wenden.<br \/>\ud83d\udce7 E-Mail: <strong><a href=\"mailto:support@immediate-lexipro500.com\">support@immediate-lexipro500.com<\/a><\/strong><\/p>\t\t\t\t\t\t\t\t<\/div>\n\t\t\t\t\t<\/div>\n\t\t\t\t<\/div>\n\t\t\t\t<\/div>","protected":false},"excerpt":{"rendered":"<p>At Immediate Lexi Pro 500, your privacy is our priority. Personal data is retained only as long as necessary, and users with active accounts are responsible for managing their information. Upon account termination, related data will be deleted in accordance with applicable laws and policies. Introduction This Privacy Policy outlines how Immediate Lexi Pro 500 [&hellip;]<\/p>\n","protected":false},"author":1,"featured_media":0,"parent":0,"menu_order":0,"comment_status":"closed","ping_status":"closed","template":"elementor_header_footer","meta":{"footnotes":""},"class_list":["post-3","page","type-page","status-publish","hentry"],"_links":{"self":[{"href":"https:\/\/immediate-lexipro500.com\/de\/wp-json\/wp\/v2\/pages\/3","targetHints":{"allow":["GET"]}}],"collection":[{"href":"https:\/\/immediate-lexipro500.com\/de\/wp-json\/wp\/v2\/pages"}],"about":[{"href":"https:\/\/immediate-lexipro500.com\/de\/wp-json\/wp\/v2\/types\/page"}],"author":[{"embeddable":true,"href":"https:\/\/immediate-lexipro500.com\/de\/wp-json\/wp\/v2\/users\/1"}],"replies":[{"embeddable":true,"href":"https:\/\/immediate-lexipro500.com\/de\/wp-json\/wp\/v2\/comments?post=3"}],"version-history":[{"count":0,"href":"https:\/\/immediate-lexipro500.com\/de\/wp-json\/wp\/v2\/pages\/3\/revisions"}],"wp:attachment":[{"href":"https:\/\/immediate-lexipro500.com\/de\/wp-json\/wp\/v2\/media?parent=3"}],"curies":[{"name":"wp","href":"https:\/\/api.w.org\/{rel}","templated":true}]}}