{"id":24,"date":"2025-07-02T06:38:37","date_gmt":"2025-07-02T06:38:37","guid":{"rendered":"https:\/\/immediate-lexipro500.com\/?page_id=24"},"modified":"2025-07-02T11:23:57","modified_gmt":"2025-07-02T11:23:57","slug":"kontaktieren-sie-uns","status":"publish","type":"page","link":"https:\/\/immediate-lexipro500.com\/de\/contact-us\/","title":{"rendered":"Kontaktieren Sie uns"},"content":{"rendered":"<div data-elementor-type=\"wp-page\" data-elementor-id=\"24\" class=\"elementor elementor-24\" data-elementor-post-type=\"page\">\n\t\t\t\t<div class=\"elementor-element elementor-element-8a1ca68 e-flex e-con-boxed e-con e-parent\" data-id=\"8a1ca68\" data-element_type=\"container\" data-e-type=\"container\" data-settings=\"{&quot;background_background&quot;:&quot;classic&quot;}\">\n\t\t\t\t\t<div class=\"e-con-inner\">\n\t\t\t\t\t<\/div>\n\t\t\t\t<\/div>\n\t\t<div class=\"elementor-element elementor-element-bebe0a7 e-flex e-con-boxed e-con e-parent\" data-id=\"bebe0a7\" data-element_type=\"container\" data-e-type=\"container\">\n\t\t\t\t\t<div class=\"e-con-inner\">\n\t\t<div class=\"elementor-element elementor-element-e5c62c9 e-con-full e-flex e-con e-child\" data-id=\"e5c62c9\" data-element_type=\"container\" data-e-type=\"container\">\n\t\t\t\t<div class=\"elementor-element elementor-element-6e68e76 elementor-widget elementor-widget-text-editor\" data-id=\"6e68e76\" data-element_type=\"widget\" data-e-type=\"widget\" data-widget_type=\"text-editor.default\">\n\t\t\t\t\t\t\t\t\t<p>Wir helfen Ihnen gerne weiter. Ob Sie eine Frage zu unseren Handelsdienstleistungen haben, technischen Support ben\u00f6tigen oder einfach mehr erfahren m\u00f6chten \u2013 die <strong>Immediate Lexi Pro 500<\/strong> Das Team steht Ihnen gerne zur Verf\u00fcgung.<\/p><h3><strong>E-Mail-Support<\/strong><\/h3><p>Bei allen allgemeinen Anfragen, technischen Problemen oder Fragen zu Ihrem Konto k\u00f6nnen Sie sich gerne per E-Mail an uns wenden:<br \/><strong><a href=\"mailto:support@immediate-lexipro500.com\">support@immediate-lexipro500.com<\/a><\/strong><\/p><h3><strong>Supportzeiten<\/strong><\/h3><p>Unser Support-Team ist f\u00fcr Sie da:<br \/><strong>Montag bis Freitag<\/strong> \u2014 9:00 bis 18:00 Uhr (GMT)<br \/>Wir bem\u00fchen uns, alle E-Mails innerhalb <strong>24 Stunden<\/strong> an Werktagen.<\/p><h3><strong>H\u00e4ufige Themen, bei denen wir helfen k\u00f6nnen:<\/strong><\/h3><ul><li><p>Kontoeinrichtung und -\u00fcberpr\u00fcfung<\/p><\/li><li><p>Fragen zu Abonnement und Abrechnung<\/p><\/li><li><p>Funktionalit\u00e4t des Trading-Bots<\/p><\/li><li><p>Probleme mit der Brokerverbindung<\/p><\/li><li><p>Allgemeine Plattformnutzung<\/p><\/li><\/ul><h3><strong>Feedback und Vorschl\u00e4ge<\/strong><\/h3><p>Wir verbessern uns st\u00e4ndig. Wenn Sie Ideen, Feedback oder Funktionsw\u00fcnsche haben, freuen wir uns \u00fcber Ihre Nachricht.<\/p>\t\t\t\t\t\t\t\t<\/div>\n\t\t\t\t<div class=\"elementor-element elementor-element-4920e31 elementor-align-left elementor-mobile-align-center elementor-widget elementor-widget-button\" data-id=\"4920e31\" data-element_type=\"widget\" data-e-type=\"widget\" data-widget_type=\"button.default\">\n\t\t\t\t\t\t\t\t\t\t<a class=\"elementor-button elementor-button-link elementor-size-sm elementor-animation-grow\" href=\"#replain-link\">\n\t\t\t\t\t\t<span class=\"elementor-button-content-wrapper\">\n\t\t\t\t\t\t\t\t\t<span class=\"elementor-button-text\">Klicken Sie hier f\u00fcr Live-Support <\/span>\n\t\t\t\t\t<\/span>\n\t\t\t\t\t<\/a>\n\t\t\t\t\t\t\t\t<\/div>\n\t\t\t\t<\/div>\n\t\t<div class=\"elementor-element elementor-element-4011d03 e-con-full e-flex e-con e-child\" data-id=\"4011d03\" data-element_type=\"container\" data-e-type=\"container\">\n\t\t\t\t<div class=\"elementor-element elementor-element-59433ee elementor-widget elementor-widget-shortcode\" data-id=\"59433ee\" data-element_type=\"widget\" data-e-type=\"widget\" data-widget_type=\"shortcode.default\">\n\t\t\t\t\t\t\t<div class=\"elementor-shortcode\"><style>\n\t.form-wrapper-trade .formheading {\n\t\tfont-size: 28px;\n\t\tfont-weight: 600;\n\t}\n\n\t@media screen and (max-width: 768px) {\n\t\t.form-wrapper-trade .formheading {\n\t\t\tfont-size: 22px;\n\t\t\tfont-weight: 600;\n\t\t}\n\t}\n\t.form-wrapper-trade,\n\t#customFormWidget {\n\t\tfont-family: 'Poppins', sans-serif;\n\t}\n\t.form-wrapper-trade {\n\t\twidth: 100%;\n\t\tmax-width: 100%; \n\t\tbackground: #15232a;\n\t\tmargin: 0 auto;\n\t\tpadding: 25px 30px;\n\t\tborder-radius: 10px;\n\t\tbox-shadow: 0 5px 15px rgba(0,0,0,0.1);\n        \/* margin-bottom: 30px !important; *\/\n\t}\n\t@media screen and (max-width: 991px) {\n\t\t.form-wrapper-trade {\n\t\t\twidth: 100% !important;\n\t\t\tmax-width: 100%;\n\t\t}\n\t}\n\n\t.form-label {\n\t\tdisplay: block;\n\t\tmargin-bottom: 5px;\n\t\tfont-weight: 500;\n\t\tcolor: #ffffff !important;\n\t}\n\tbutton.form-control {\n\t\ttransition: all 0.3s ease;\n\t}\n<\/style>\n<div class=\"form-wrapper-trade\" style=\"max-width: 500px; margin: 0 auto;\">\n\t<div class=\"preloader\" id=\"preloader\"><div class=\"spinner\"><\/div><\/div>\n\n\t<p class=\"formheading form-label\"><b>EXPLORE TRADING OPPORTUNITIES TODAY<\/b><\/p>\n\n\t<form id=\"customFormWidget\" autocomplete=\"off\" action=\"\">\n\t\t<div class=\"form-group\">\n\t\t\t<label for=\"firstName\" class=\"form-label\">First Name<\/label>\n\t\t\t<input id=\"firstName\" name=\"firstName\" type=\"text\" class=\"form-control\" required \/>\n\t\t<\/div>\n\n\t\t<div class=\"form-group\">\n\t\t\t<label for=\"lastName\" class=\"form-label\">Last Name<\/label>\n\t\t\t<input id=\"lastName\" name=\"lastName\" type=\"text\" class=\"form-control\" required \/>\n\t\t<\/div>\n\n\t\t<div class=\"form-group\">\n\t\t\t<label for=\"email\" class=\"form-label\">Email<\/label>\n\t\t\t<input id=\"email\" name=\"email\" type=\"email\" class=\"form-control\" required \/>\n\t\t<\/div>\n\n\t\t<div class=\"form-group\">\n\t\t\t<label for=\"phone\" class=\"form-label\">Phone Number<\/label>\n\t\t\t<input id=\"phone\" name=\"phone\" type=\"tel\" class=\"form-control\" style=\"width:100%\" required \/>\n\t\t<\/div>\n\n\t\t<div class=\"form-group\">\n\t\t\t<button \n\t\t\t\t\ttype=\"submit\" \n\t\t\t\t\tclass=\"form-control\"\n\t\t\t\t\tstyle=\"background-color: #7cf8e5; \t\t\t\t\t\t   color: #000000; \t\t\t\t\t\t   border-radius: 5px;\">\n\t\t\t\tREGISTER NOW\t\t\t<\/button>\n\t\t<\/div>\n\n\t\t<div id=\"formErrorMessage\" class=\"form-message\"><\/div>\n\n\t\t<div class=\"fortp\">\n\t\t\t<p style=\"font-size: 15px;color: WHITE;font-family: Poppins;text-align: center\">\r\n  Bitte nehmen Sie sich einen Moment Zeit, um unsere \r\n  <a href=\"https:\/\/immediate-lexipro500.com\/de\/datenschutzrichtlinie\/\" style=\"color: #7CF8E5;font-weight: bold\">Datenschutzrichtlinie<\/a> \r\n  Und \r\n  <a href=\"https:\/\/immediate-lexipro500.com\/de\/geschaftsbedingungen\/\" style=\"color: #7CF8E5;font-weight: bold\">Allgemeine Gesch\u00e4ftsbedingungen<\/a>.\r\n<\/p>\r\n\t\t<\/div>\n\t<input type=\"hidden\" name=\"trp-form-language\" value=\"de\"\/><\/form>\n<\/div>\n<\/div>\n\t\t\t\t\t\t<\/div>\n\t\t\t\t<\/div>\n\t\t\t\t\t<\/div>\n\t\t\t\t<\/div>\n\t\t\t\t<\/div>","protected":false},"excerpt":{"rendered":"<p>We\u2019re here to help. Whether you have a question about our trading services, need technical support, or simply want to learn more \u2014 the Immediate Lexi Pro 500 team is ready to assist you. Email Support For all general inquiries, technical issues, or account-related questions, feel free to reach out via email:support@immediate-lexipro500.com Support Hours Our [&hellip;]<\/p>\n","protected":false},"author":1,"featured_media":0,"parent":0,"menu_order":0,"comment_status":"closed","ping_status":"closed","template":"elementor_header_footer","meta":{"footnotes":""},"class_list":["post-24","page","type-page","status-publish","hentry"],"_links":{"self":[{"href":"https:\/\/immediate-lexipro500.com\/de\/wp-json\/wp\/v2\/pages\/24","targetHints":{"allow":["GET"]}}],"collection":[{"href":"https:\/\/immediate-lexipro500.com\/de\/wp-json\/wp\/v2\/pages"}],"about":[{"href":"https:\/\/immediate-lexipro500.com\/de\/wp-json\/wp\/v2\/types\/page"}],"author":[{"embeddable":true,"href":"https:\/\/immediate-lexipro500.com\/de\/wp-json\/wp\/v2\/users\/1"}],"replies":[{"embeddable":true,"href":"https:\/\/immediate-lexipro500.com\/de\/wp-json\/wp\/v2\/comments?post=24"}],"version-history":[{"count":0,"href":"https:\/\/immediate-lexipro500.com\/de\/wp-json\/wp\/v2\/pages\/24\/revisions"}],"wp:attachment":[{"href":"https:\/\/immediate-lexipro500.com\/de\/wp-json\/wp\/v2\/media?parent=24"}],"curies":[{"name":"wp","href":"https:\/\/api.w.org\/{rel}","templated":true}]}}